{"id":2436,"date":"2018-07-19T11:44:15","date_gmt":"2018-07-19T11:44:15","guid":{"rendered":"http:\/\/competenciasparamedicos.edu.umh.es\/?page_id=2436"},"modified":"2020-03-25T10:09:24","modified_gmt":"2020-03-25T10:09:24","slug":"inscripcion","status":"publish","type":"page","link":"https:\/\/liferegrow.umh.es\/en\/inscripcion\/","title":{"rendered":"INSCRIPTION"},"content":{"rendered":"<p>[et_pb_section admin_label=&#8221;section&#8221;][et_pb_row admin_label=&#8221;row&#8221;][et_pb_column type=&#8221;4_4&#8243;][et_pb_text admin_label=&#8221;Formulario&#8221; background_layout=&#8221;light&#8221; text_orientation=&#8221;center&#8221; use_border_color=&#8221;off&#8221; border_color=&#8221;#ffffff&#8221; border_style=&#8221;solid&#8221;]<\/p>\n<p><iframe loading=\"lazy\" src=\"https:\/\/docs.google.com\/forms\/d\/e\/1FAIpQLSdbDUAT_cC-whHWlS3ZhjIzNzJTmEHG3d-ORPQaM7kKITCvWA\/viewform?embedded=true\" width=\"640\" height=\"1580\" frameborder=\"0\" marginwidth=\"0\" marginheight=\"0\">Cargando\u2026<\/iframe><\/p>\n<p>[\/et_pb_text][\/et_pb_column][\/et_pb_row][\/et_pb_section]<\/p>\n","protected":false},"excerpt":{"rendered":"<p>Cargando\u2026<\/p>\n","protected":false},"author":17008,"featured_media":0,"parent":0,"menu_order":0,"comment_status":"open","ping_status":"closed","template":"","meta":{"_et_pb_use_builder":"on","_et_pb_old_content":"<p>Las <strong>35 unidades did\u00e1cticas<\/strong> se activar\u00e1n de forma secuencial en grupos de 3 \u00f3 4, dependiendo del \u00e1rea tem\u00e1tica, cada mes a partir de octubre de 2018. Estar\u00e1n disponibles en formato pdf descargable y podr\u00e1n visualizarse como presentaci\u00f3n en l\u00ednea:<\/p><h2><strong>OCTUBRE 2018<\/strong><\/h2><p><strong>1.<\/strong>\u00a0La comunicaci\u00f3n no verbal<br \/> <strong>2.<\/strong>\u00a0Comunicar con enfermos y familiares<br \/> <strong>3.<\/strong>\u00a0Comunicar en situaciones especiales: con el enfermo agresivo, dar malas noticias, con el enfermo que no quiere dejar de serlo<br \/> <strong>4.<\/strong>\u00a0Otras formas de comunicar: confrontar, dar feedback<\/p><h2><strong>NOVIEMBRE 2018<\/strong><\/h2><p><strong>5.<\/strong>\u00a0O\u00edr, escuchar, preguntar y mediar<br \/> <strong>6.<\/strong>\u00a0Ense\u00f1ar<br \/> <strong>7.<\/strong>\u00a0Aprender<br \/> <strong>8.<\/strong>\u00a0Investigar<\/p><h2><strong>DICIEMBRE 2018<\/strong><\/h2><p><strong>9.<\/strong>\u00a0Manejar la estad\u00edstica b\u00e1sica para investigar<br \/> <strong>10.<\/strong>\u00a0El buen m\u00e9dico debe ser competente, un buen profesional<br \/> <strong>11.<\/strong>\u00a0El buen m\u00e9dico debe ser muy humano<br \/> <strong>12.<\/strong>\u00a0El buen m\u00e9dico debe ser rico en valores<\/p><h2><strong>ENERO 2019<\/strong><\/h2><p><strong>13.<\/strong>\u00a0El buen m\u00e9dico debe estar motivado. El mobbing y el burn out<br \/> <strong>14.<\/strong>\u00a0El buen m\u00e9dico debe conocerse bien<br \/> <strong>15.<\/strong>\u00a0El buen m\u00e9dico debe sustentar potentes componentes \u00e9ticos<\/p><h2><strong>FEBRERO 2019<\/strong><\/h2><p><strong>16.<\/strong>\u00a0El buen m\u00e9dico debe ver el envejecimiento de otra manera<br \/> <strong>17.<\/strong>\u00a0El buen m\u00e9dico debe enfrentarse bien con el final de la vida<br \/> <strong>18.<\/strong>\u00a0El buen m\u00e9dico debe saber trabajar en equipo<\/p><h2><strong>MARZO 2019<\/strong><\/h2><p><strong>19.<\/strong>\u00a0El buen m\u00e9dico debe implicarse en la toma de decisiones compartidas<br \/> <strong>20.<\/strong>\u00a0El buen m\u00e9dico debe saber liderar<br \/> <strong>21.<\/strong>\u00a0El buen m\u00e9dico debe alistarse en el optimismo inteligente<\/p><h2><strong>ABRIL 2019<\/strong><\/h2><p><strong>22.<\/strong>\u00a0El buen m\u00e9dico debe ser pro activo y atreverse a cambiar<br \/> <strong>23.<\/strong>\u00a0El buen m\u00e9dico debe hacer bien la gesti\u00f3n cl\u00ednica<br \/> <strong>24.<\/strong>\u00a0El buen m\u00e9dico debe mantener una actitud y visi\u00f3n positiva<\/p><h2><strong>MAYO 2019<\/strong><\/h2><p><strong>25.<\/strong>\u00a0El buen m\u00e9dico debe ser feliz en su trabajo y en la vida<br \/> <strong>26.<\/strong>\u00a0El buen m\u00e9dico debe ser experto en el campo de las adiciones<br \/> <strong>27.<\/strong>\u00a0El buen m\u00e9dico debe conocer bien el da\u00f1o que pueden producir las adiciones socialmente aceptadas como el tabaco y el alcohol<\/p><h2><strong>JUNIO 2019<\/strong><\/h2><p><strong>28.<\/strong>\u00a0El buen m\u00e9dico debe ser capaz de fijarse metas realistas<br \/> <strong>29.<\/strong>\u00a0El buen m\u00e9dico debe ser capaz de superar el estr\u00e9s<br \/> <strong>30.<\/strong>\u00a0El buen m\u00e9dico debe conocer bien lo que es la salud y la enfermedad<\/p><h2><strong>JULIO 2019<\/strong><\/h2><p><strong>31.<\/strong>\u00a0El buen m\u00e9dico debe ser capaz de educar a sus enfermos en lo que es llevar una vida sana<br \/> <strong>32.<\/strong>\u00a0El buen m\u00e9dico debe ser capaz de hacer ver a sus enfermos que son ricos<br \/> <strong>33.<\/strong>\u00a0Ejercicios pr\u00e1cticos de los temas<br \/> <strong>34.<\/strong>\u00a0Otros complementos educativos, v\u00eddeos, etc.<br \/> <strong>35.<\/strong>\u00a0Complementos formativos, lecturas,etc.<\/p><p>\u00a0<\/p>","_et_gb_content_width":"","_links_to":"","_links_to_target":""},"_links":{"self":[{"href":"https:\/\/liferegrow.umh.es\/en\/wp-json\/wp\/v2\/pages\/2436"}],"collection":[{"href":"https:\/\/liferegrow.umh.es\/en\/wp-json\/wp\/v2\/pages"}],"about":[{"href":"https:\/\/liferegrow.umh.es\/en\/wp-json\/wp\/v2\/types\/page"}],"author":[{"embeddable":true,"href":"https:\/\/liferegrow.umh.es\/en\/wp-json\/wp\/v2\/users\/17008"}],"replies":[{"embeddable":true,"href":"https:\/\/liferegrow.umh.es\/en\/wp-json\/wp\/v2\/comments?post=2436"}],"version-history":[{"count":0,"href":"https:\/\/liferegrow.umh.es\/en\/wp-json\/wp\/v2\/pages\/2436\/revisions"}],"wp:attachment":[{"href":"https:\/\/liferegrow.umh.es\/en\/wp-json\/wp\/v2\/media?parent=2436"}],"curies":[{"name":"wp","href":"https:\/\/api.w.org\/{rel}","templated":true}]}}